{"id":5,"date":"2016-10-10T14:17:22","date_gmt":"2016-10-10T12:17:22","guid":{"rendered":"https:\/\/elements.fp-server.com\/eschborn\/?page_id=5"},"modified":"2025-07-01T14:50:46","modified_gmt":"2025-07-01T12:50:46","slug":"startseite","status":"publish","type":"page","link":"https:\/\/elements.fp-server.com\/fitnessstudio-eschborn\/","title":{"rendered":"Startseite"},"content":{"rendered":"<div class=\"wpb-content-wrapper\"><p>[vc_row][vc_column width=&#8220;1\/2&#8243;][vc_column_text]<\/p>\n<h1>ELEMENTS Eschborn &#8211; Fitnessstudio und Sauna in Eschborn<\/h1>\n<h2>Ihr Rundum-Sorglos-Paket<\/h2>\n<hr \/>\n<p>Training und Erholung, drinnen oder drau\u00dfen \u2013 das ELEMENTS im Fitnesspark Eschborn bietet ein komplettes Rundum-Sorglos-Paket. Der eindrucksvolle<a href=\"https:\/\/elements.fp-server.com\/services\/aussenbereich\/\"> Outdoorpool<\/a> ist neben der beachtlichen Gr\u00f6\u00dfe und dem umfangreichen Fitness- und Wellnessangebot das Highlight des ELEMENTS Eschborn.<\/p>\n<p>Ob Workout an den neuesten Trainingsger\u00e4ten, <a href=\"https:\/\/elements.fp-server.com\/fitnessstudio-eschborn\/kurse\/\">abwechslungsreiche Kursauswahl<\/a>, pure Erholung dank zahlreicher Entspannungsangebote\u00a0oder einfach nur die Seele baumeln lassen auf der idyllischen Liegewiese \u2013 hier kommen Fitness- und Wellnessbegeisterte voll auf ihre Kosten.[\/vc_column_text][vc_btn title=&#8220;Jetzt Probetraining starten&#8220; link=&#8220;url:https%3A%2F%2Felements.fp-server.com%2Fprobetraining%2F|||&#8220; el_class=&#8220;rot&#8220;][\/vc_column][vc_column width=&#8220;1\/2&#8243;][vc_single_image image=&#8220;296&#8243; img_size=&#8220;medium&#8220;][\/vc_column][\/vc_row][vc_row][vc_column][vc_tta_accordion active_section=&#8220;&#8220; collapsible_all=&#8220;true&#8220;][vc_tta_section title=&#8220;Fitness und Group Fitness&#8220; tab_id=&#8220;1483106130462-a8fb98c2-a379&#8243;][vc_column_text]<\/p>\n<ul>\n<li>\u00dcber 150 Trainingsger\u00e4te<\/li>\n<li>Muskel- und Cardiotraining<\/li>\n<li>Vollelektronisch gesteuerter Kraftzirkel<\/li>\n<li>Functional Area<\/li>\n<li>Boxing Area<\/li>\n<li>Personal Training*<\/li>\n<li>Umfangreiches Kursprogramm in 2 Kursr\u00e4umen inklusive Cycling<\/li>\n<li>Intensive Trainingsberatung- und -betreuung<\/li>\n<li>Fitnesstests und K\u00f6rperanalysen<\/li>\n<\/ul>\n<p>[\/vc_column_text][\/vc_tta_section][vc_tta_section title=&#8220;Wellness&#8220; tab_id=&#8220;1483106130501-8b1e682e-2679&#8243;][vc_column_text]<\/p>\n<ul>\n<li>Finnische Sauna, Dampfbad, Bio Sauna<\/li>\n<li>Pool und Ruhebecken<\/li>\n<li>Au\u00dfenbereich<\/li>\n<li>Separater Damenwellnessbereich<\/li>\n<li>Behandlungen &amp; Massagen*<\/li>\n<\/ul>\n<p>[\/vc_column_text][\/vc_tta_section][vc_tta_section title=&#8220;Service&#8220; tab_id=&#8220;1483106188086-fa30bb0a-f92d&#8220;][vc_column_text]<\/p>\n<ul>\n<li>Kinderbetreuung<\/li>\n<li>Kostenlose Parkpl\u00e4tze mit E-Lades\u00e4ulen*<\/li>\n<li>Kostenlose Trinkstationen<\/li>\n<li>Physiotherapie*<\/li>\n<li>WLAN<\/li>\n<li>Bibliothek<\/li>\n<li>Kaffee &amp; Espresso Bar*<\/li>\n<li>Gesunde Drinks &amp; Snacks*<\/li>\n<li>Handtuchservice*<\/li>\n<li>Privater Spind*<\/li>\n<\/ul>\n<p>[\/vc_column_text][\/vc_tta_section][vc_tta_section title=&#8220;Ern\u00e4hrung&#8220; tab_id=&#8220;1483106213610-323122f8-2afb&#8220;][vc_column_text]<\/p>\n<ul>\n<li>Ern\u00e4hrungsberatung*<\/li>\n<li>Gruppenkurse*<\/li>\n<li>Genanalyse*<\/li>\n<\/ul>\n<p>[\/vc_column_text][\/vc_tta_section][\/vc_tta_accordion][\/vc_column][\/vc_row][vc_row][vc_column][vc_column_text]<\/p>\n<h5>Das erwartet Sie in Ihrem Fitnessstudio in Eschborn<\/h5>\n<hr \/>\n<p>Natur pur und eine <a href=\"https:\/\/elements.fp-server.com\/services\/sauna\/\">Sauna- und Wellnesslandschaft<\/a> der besonderen Art. Finden Sie Ruhe und Entspannung in unserem gro\u00dfz\u00fcgigen <a href=\"https:\/\/elements.fp-server.com\/services\/ruhebereich\/\">Ruhebereich<\/a> oder genie\u00dfen Sie den <a href=\"https:\/\/elements.fp-server.com\/services\/aussenbereich\/\">einzigartigen Au\u00dfenbereich<\/a> des ELEMENTS Eschborn mit seinem herrlichen <a href=\"https:\/\/elements.fp-server.com\/services\/pool\/\">Outdoorpool<\/a>.<\/p>\n<p>Im ELEMENTS Eschborn stehen Ihnen \u00fcber 150 moderne Trainingsger\u00e4te sowie ein vollelektronisch gesteuerter Kraftzirkel zur Verf\u00fcgung. F\u00fcr intensives Fitnesstraining bieten wir Ihnen au\u00dferdem eine <a href=\"https:\/\/elements.fp-server.com\/services\/functional-training\/\">Functional Area<\/a> und <a href=\"https:\/\/elements.fp-server.com\/services\/boxing\/\">Boxing Area<\/a> an. Unser umfangreiches Kursprogramm verteilt sich auf zwei Kursr\u00e4ume, in denen auch Indoorcycling-Kurse stattfinden.<\/p>\n<p>Das besondere Wohlf\u00fchl-Ambiente wird von einer exklusiven Auswahl\u00a0 wertvoller und nat\u00fcrlicher Materialien unterst\u00fctzt und verleiht der Einrichtung und Innenarchitektur eine zus\u00e4tzlich stilvolle Note. Sympathischer Service sowie gut ausgebildete Trainer runden das ganzheitliche und einzigartige ELEMENTS Fitness- und Wellnesskonzept ab.<\/p>\n<p>Nicht zuletzt bieten wir auch einen besonderen Service f\u00fcr Ihre Kleinen \u2013 unsere <a href=\"https:\/\/elements.fp-server.com\/services\/kinderbetreuung\/\">Kinderbetreuung<\/a> im ELEMENTS in Eschborn k\u00fcmmert sich liebevoll um Ihre Kinder im Alter von 0 \u2013 9 Jahren. Dieser Service ist f\u00fcr Sie kostenlos. Wann genau die Kinderbetreuung f\u00fcr Sie da ist, finden Sie auf dieser Seite unter den \u00d6ffnungszeiten.[\/vc_column_text][\/vc_column][\/vc_row][vc_row][vc_column width=&#8220;1\/4&#8243;][vc_single_image image=&#8220;735&#8243; img_size=&#8220;medium&#8220;][\/vc_column][vc_column width=&#8220;3\/4&#8243;][vc_column_text]<\/p>\n<h5>Lage und Anbindung<\/h5>\n<hr \/>\n<p>Eschborn liegt im wundersch\u00f6nen Rhein-Main-Gebiet am \u00f6stlichen Rand des Main-Taunus-Kreises. In nur 7 km Entfernung liegt die Frankfurter Innenstand und in 15 km Entfernung der Flughafen Frankfurt am Main. Das ELEMENTS Eschborn ist in der Katharina-Paulus-Stra\u00dfe 2, in 65760 Eschborn und mit \u00f6ffentlichen Verkehrsmitteln bequem f\u00fcr Sie zu erreichen:<\/p>\n<ul>\n<li>Lokalbahnhof Eschborn S\u00fcd: Ca. 21 Gehminuten.<\/li>\n<li>Hauptbahnhof Frankfurt am Main: Ca. 32 mit den S-Bahnlinien: S3 und S4.<\/li>\n<\/ul>\n<p>[\/vc_column_text][\/vc_column][\/vc_row][vc_row][vc_column width=&#8220;1\/4&#8243;][vc_single_image image=&#8220;736&#8243; img_size=&#8220;medium&#8220;][\/vc_column][vc_column width=&#8220;3\/4&#8243;][vc_column_text]<\/p>\n<h5>Parken bei ELEMENTS<\/h5>\n<hr \/>\n<p>M\u00f6chten Sie uns im ELEMENTS in Eschborn mit dem Auto besuchen, stehen Ihnen \u00fcber 200 Stellpl\u00e4tze sowie 10 Parkpl\u00e4tze mit E-Ladestationen zur Verf\u00fcgung.<\/p>\n<p>ELEMENTS Mitglieder parken w\u00e4hrend des Trainings kostenfrei.[\/vc_column_text][\/vc_column][\/vc_row][vc_row][vc_column][vc_column_text]* Leistungsangebot gegen Aufpreis[\/vc_column_text][\/vc_column][\/vc_row]<\/p>\n<\/div>","protected":false},"excerpt":{"rendered":"<p>[vc_row][vc_column width=&#8220;1\/2&#8243;][vc_column_text] ELEMENTS Eschborn &#8211; Fitnessstudio und Sauna in Eschborn Ihr Rundum-Sorglos-Paket Training und Erholung, drinnen oder drau\u00dfen \u2013 das ELEMENTS im Fitnesspark Eschborn bietet ein komplettes Rundum-Sorglos-Paket. Der eindrucksvolle Outdoorpool ist neben der beachtlichen Gr\u00f6\u00dfe und dem umfangreichen Fitness- und Wellnessangebot das Highlight des ELEMENTS Eschborn. Ob Workout an den neuesten Trainingsger\u00e4ten, abwechslungsreiche Kursauswahl, &hellip; <a href=\"https:\/\/elements.fp-server.com\/fitnessstudio-eschborn\/\">Continued<\/a><\/p>\n","protected":false},"author":1,"featured_media":2887,"parent":0,"menu_order":0,"comment_status":"closed","ping_status":"closed","template":"template-home.php","meta":{"_acf_changed":false,"footnotes":""},"class_list":["post-5","page","type-page","status-publish","has-post-thumbnail","hentry"],"acf":[],"yoast_head":"<!-- This site is optimized with the Yoast SEO plugin v24.6 - https:\/\/yoast.com\/wordpress\/plugins\/seo\/ -->\n<title>ELEMENTS Eschborn - Fitness und Wellness in Eschborn<\/title>\n<meta name=\"description\" content=\"Das bisher gr\u00f6\u00dfte ELEMENTS Deutschlands in Eschborn bietet auf rund 5.200 weitl\u00e4ufigen Quadratmetern ein umfangreichen Fitness- und Wellnessangebot.\" \/>\n<meta name=\"robots\" content=\"index, follow, max-snippet:-1, max-image-preview:large, max-video-preview:-1\" \/>\n<link rel=\"canonical\" href=\"https:\/\/elements.fp-server.com\/fitnessstudio-eschborn\/\" \/>\n<meta property=\"og:locale\" content=\"de_DE\" \/>\n<meta property=\"og:type\" content=\"article\" \/>\n<meta property=\"og:title\" content=\"ELEMENTS Eschborn - Fitness und Wellness in Eschborn\" \/>\n<meta property=\"og:description\" content=\"Das bisher gr\u00f6\u00dfte ELEMENTS Deutschlands in Eschborn bietet auf rund 5.200 weitl\u00e4ufigen Quadratmetern ein umfangreichen Fitness- und Wellnessangebot.\" \/>\n<meta property=\"og:url\" content=\"https:\/\/elements.fp-server.com\/fitnessstudio-eschborn\/\" \/>\n<meta property=\"og:site_name\" content=\"ELEMENTS Eschborn\" \/>\n<meta property=\"article:modified_time\" content=\"2025-07-01T12:50:46+00:00\" \/>\n<meta property=\"og:image\" content=\"https:\/\/elements.fp-server.com\/app\/uploads\/sites\/5\/2025\/07\/studiobilder-eschborn-scaled.webp\" \/>\n\t<meta property=\"og:image:width\" content=\"2560\" \/>\n\t<meta property=\"og:image:height\" content=\"1715\" \/>\n\t<meta property=\"og:image:type\" content=\"image\/webp\" \/>\n<meta name=\"twitter:card\" content=\"summary_large_image\" \/>\n<meta name=\"twitter:label1\" content=\"Gesch\u00e4tzte Lesezeit\" \/>\n\t<meta name=\"twitter:data1\" content=\"3\u00a0Minuten\" \/>\n<script type=\"application\/ld+json\" class=\"yoast-schema-graph\">{\"@context\":\"https:\/\/schema.org\",\"@graph\":[{\"@type\":\"WebPage\",\"@id\":\"https:\/\/elements.fp-server.com\/fitnessstudio-eschborn\/\",\"url\":\"https:\/\/elements.fp-server.com\/fitnessstudio-eschborn\/\",\"name\":\"ELEMENTS Eschborn - Fitness und Wellness in Eschborn\",\"isPartOf\":{\"@id\":\"https:\/\/elements.fp-server.com\/fitnessstudio-eschborn\/#website\"},\"primaryImageOfPage\":{\"@id\":\"https:\/\/elements.fp-server.com\/fitnessstudio-eschborn\/#primaryimage\"},\"image\":{\"@id\":\"https:\/\/elements.fp-server.com\/fitnessstudio-eschborn\/#primaryimage\"},\"thumbnailUrl\":\"https:\/\/elements.fp-server.com\/app\/uploads\/sites\/5\/2025\/07\/studiobilder-eschborn-scaled.webp\",\"datePublished\":\"2016-10-10T12:17:22+00:00\",\"dateModified\":\"2025-07-01T12:50:46+00:00\",\"description\":\"Das bisher gr\u00f6\u00dfte ELEMENTS Deutschlands in Eschborn bietet auf rund 5.200 weitl\u00e4ufigen Quadratmetern ein umfangreichen Fitness- und Wellnessangebot.\",\"breadcrumb\":{\"@id\":\"https:\/\/elements.fp-server.com\/fitnessstudio-eschborn\/#breadcrumb\"},\"inLanguage\":\"de\",\"potentialAction\":[{\"@type\":\"ReadAction\",\"target\":[\"https:\/\/elements.fp-server.com\/fitnessstudio-eschborn\/\"]}]},{\"@type\":\"ImageObject\",\"inLanguage\":\"de\",\"@id\":\"https:\/\/elements.fp-server.com\/fitnessstudio-eschborn\/#primaryimage\",\"url\":\"https:\/\/elements.fp-server.com\/app\/uploads\/sites\/5\/2025\/07\/studiobilder-eschborn-scaled.webp\",\"contentUrl\":\"https:\/\/elements.fp-server.com\/app\/uploads\/sites\/5\/2025\/07\/studiobilder-eschborn-scaled.webp\",\"width\":2560,\"height\":1715},{\"@type\":\"BreadcrumbList\",\"@id\":\"https:\/\/elements.fp-server.com\/fitnessstudio-eschborn\/#breadcrumb\",\"itemListElement\":[{\"@type\":\"ListItem\",\"position\":1,\"name\":\"Home\",\"item\":\"https:\/\/elements.fp-server.com\/fitnessstudio-eschborn\/\"},{\"@type\":\"ListItem\",\"position\":2,\"name\":\"Startseite\"}]},{\"@type\":\"WebSite\",\"@id\":\"https:\/\/elements.fp-server.com\/fitnessstudio-eschborn\/#website\",\"url\":\"https:\/\/elements.fp-server.com\/fitnessstudio-eschborn\/\",\"name\":\"ELEMENTS Eschborn\",\"description\":\"\",\"potentialAction\":[{\"@type\":\"SearchAction\",\"target\":{\"@type\":\"EntryPoint\",\"urlTemplate\":\"https:\/\/elements.fp-server.com\/fitnessstudio-eschborn\/?s={search_term_string}\"},\"query-input\":{\"@type\":\"PropertyValueSpecification\",\"valueRequired\":true,\"valueName\":\"search_term_string\"}}],\"inLanguage\":\"de\"}]}<\/script>\n<!-- \/ Yoast SEO plugin. -->","yoast_head_json":{"title":"ELEMENTS Eschborn - Fitness und Wellness in Eschborn","description":"Das bisher gr\u00f6\u00dfte ELEMENTS Deutschlands in Eschborn bietet auf rund 5.200 weitl\u00e4ufigen Quadratmetern ein umfangreichen Fitness- und Wellnessangebot.","robots":{"index":"index","follow":"follow","max-snippet":"max-snippet:-1","max-image-preview":"max-image-preview:large","max-video-preview":"max-video-preview:-1"},"canonical":"https:\/\/elements.fp-server.com\/fitnessstudio-eschborn\/","og_locale":"de_DE","og_type":"article","og_title":"ELEMENTS Eschborn - Fitness und Wellness in Eschborn","og_description":"Das bisher gr\u00f6\u00dfte ELEMENTS Deutschlands in Eschborn bietet auf rund 5.200 weitl\u00e4ufigen Quadratmetern ein umfangreichen Fitness- und Wellnessangebot.","og_url":"https:\/\/elements.fp-server.com\/fitnessstudio-eschborn\/","og_site_name":"ELEMENTS Eschborn","article_modified_time":"2025-07-01T12:50:46+00:00","og_image":[{"width":2560,"height":1715,"url":"https:\/\/elements.fp-server.com\/app\/uploads\/sites\/5\/2025\/07\/studiobilder-eschborn-scaled.webp","type":"image\/webp"}],"twitter_card":"summary_large_image","twitter_misc":{"Gesch\u00e4tzte Lesezeit":"3\u00a0Minuten"},"schema":{"@context":"https:\/\/schema.org","@graph":[{"@type":"WebPage","@id":"https:\/\/elements.fp-server.com\/fitnessstudio-eschborn\/","url":"https:\/\/elements.fp-server.com\/fitnessstudio-eschborn\/","name":"ELEMENTS Eschborn - Fitness und Wellness in Eschborn","isPartOf":{"@id":"https:\/\/elements.fp-server.com\/fitnessstudio-eschborn\/#website"},"primaryImageOfPage":{"@id":"https:\/\/elements.fp-server.com\/fitnessstudio-eschborn\/#primaryimage"},"image":{"@id":"https:\/\/elements.fp-server.com\/fitnessstudio-eschborn\/#primaryimage"},"thumbnailUrl":"https:\/\/elements.fp-server.com\/app\/uploads\/sites\/5\/2025\/07\/studiobilder-eschborn-scaled.webp","datePublished":"2016-10-10T12:17:22+00:00","dateModified":"2025-07-01T12:50:46+00:00","description":"Das bisher gr\u00f6\u00dfte ELEMENTS Deutschlands in Eschborn bietet auf rund 5.200 weitl\u00e4ufigen Quadratmetern ein umfangreichen Fitness- und Wellnessangebot.","breadcrumb":{"@id":"https:\/\/elements.fp-server.com\/fitnessstudio-eschborn\/#breadcrumb"},"inLanguage":"de","potentialAction":[{"@type":"ReadAction","target":["https:\/\/elements.fp-server.com\/fitnessstudio-eschborn\/"]}]},{"@type":"ImageObject","inLanguage":"de","@id":"https:\/\/elements.fp-server.com\/fitnessstudio-eschborn\/#primaryimage","url":"https:\/\/elements.fp-server.com\/app\/uploads\/sites\/5\/2025\/07\/studiobilder-eschborn-scaled.webp","contentUrl":"https:\/\/elements.fp-server.com\/app\/uploads\/sites\/5\/2025\/07\/studiobilder-eschborn-scaled.webp","width":2560,"height":1715},{"@type":"BreadcrumbList","@id":"https:\/\/elements.fp-server.com\/fitnessstudio-eschborn\/#breadcrumb","itemListElement":[{"@type":"ListItem","position":1,"name":"Home","item":"https:\/\/elements.fp-server.com\/fitnessstudio-eschborn\/"},{"@type":"ListItem","position":2,"name":"Startseite"}]},{"@type":"WebSite","@id":"https:\/\/elements.fp-server.com\/fitnessstudio-eschborn\/#website","url":"https:\/\/elements.fp-server.com\/fitnessstudio-eschborn\/","name":"ELEMENTS Eschborn","description":"","potentialAction":[{"@type":"SearchAction","target":{"@type":"EntryPoint","urlTemplate":"https:\/\/elements.fp-server.com\/fitnessstudio-eschborn\/?s={search_term_string}"},"query-input":{"@type":"PropertyValueSpecification","valueRequired":true,"valueName":"search_term_string"}}],"inLanguage":"de"}]}},"_links":{"self":[{"href":"https:\/\/elements.fp-server.com\/fitnessstudio-eschborn\/wp-json\/wp\/v2\/pages\/5","targetHints":{"allow":["GET"]}}],"collection":[{"href":"https:\/\/elements.fp-server.com\/fitnessstudio-eschborn\/wp-json\/wp\/v2\/pages"}],"about":[{"href":"https:\/\/elements.fp-server.com\/fitnessstudio-eschborn\/wp-json\/wp\/v2\/types\/page"}],"author":[{"embeddable":true,"href":"https:\/\/elements.fp-server.com\/fitnessstudio-eschborn\/wp-json\/wp\/v2\/users\/1"}],"replies":[{"embeddable":true,"href":"https:\/\/elements.fp-server.com\/fitnessstudio-eschborn\/wp-json\/wp\/v2\/comments?post=5"}],"version-history":[{"count":40,"href":"https:\/\/elements.fp-server.com\/fitnessstudio-eschborn\/wp-json\/wp\/v2\/pages\/5\/revisions"}],"predecessor-version":[{"id":2886,"href":"https:\/\/elements.fp-server.com\/fitnessstudio-eschborn\/wp-json\/wp\/v2\/pages\/5\/revisions\/2886"}],"wp:featuredmedia":[{"embeddable":true,"href":"https:\/\/elements.fp-server.com\/fitnessstudio-eschborn\/wp-json\/wp\/v2\/media\/2887"}],"wp:attachment":[{"href":"https:\/\/elements.fp-server.com\/fitnessstudio-eschborn\/wp-json\/wp\/v2\/media?parent=5"}],"curies":[{"name":"wp","href":"https:\/\/api.w.org\/{rel}","templated":true}]}}